{"id":11340,"date":"2024-07-16T14:31:43","date_gmt":"2024-07-16T12:31:43","guid":{"rendered":"https:\/\/atletismogana.es\/?page_id=11340"},"modified":"2025-11-30T16:41:38","modified_gmt":"2025-11-30T15:41:38","slug":"__trashed","status":"publish","type":"page","link":"https:\/\/atletismogana.es\/?page_id=11340","title":{"rendered":"Reembolso de Competiciones"},"content":{"rendered":"\n<p>Ingresa aqu\u00ed tus datos y el coste de la inscripci\u00f3n de aquellas competiciones en las que hayas participado y hayas tenido que pagar personalmente. Si el balance econ\u00f3mico del club lo permite, se reembolsar\u00e1 una parte o la totalidad del coste de las inscripciones que se hayan notificado a trav\u00e9s de este formulario.<\/p>\n\n\n\n<div class=\"wpcf7 no-js\" id=\"wpcf7-f11975-o1\" lang=\"es-ES\" dir=\"ltr\" data-wpcf7-id=\"11975\">\n<div class=\"screen-reader-response\"><p role=\"status\" aria-live=\"polite\" aria-atomic=\"true\"><\/p> <ul><\/ul><\/div>\n<form action=\"\/index.php?rest_route=%2Fwp%2Fv2%2Fpages%2F11340#wpcf7-f11975-o1\" method=\"post\" class=\"wpcf7-form init\" aria-label=\"Formulario de contacto\" novalidate=\"novalidate\" data-status=\"init\">\n<fieldset class=\"hidden-fields-container\"><input type=\"hidden\" name=\"_wpcf7\" value=\"11975\" \/><input type=\"hidden\" name=\"_wpcf7_version\" value=\"6.1.5\" \/><input type=\"hidden\" name=\"_wpcf7_locale\" value=\"es_ES\" \/><input type=\"hidden\" name=\"_wpcf7_unit_tag\" value=\"wpcf7-f11975-o1\" \/><input type=\"hidden\" name=\"_wpcf7_container_post\" value=\"0\" \/><input type=\"hidden\" name=\"_wpcf7_posted_data_hash\" value=\"\" \/><input type=\"hidden\" name=\"_wpcf7cf_hidden_group_fields\" value=\"[]\" \/><input type=\"hidden\" name=\"_wpcf7cf_hidden_groups\" value=\"[]\" \/><input type=\"hidden\" name=\"_wpcf7cf_visible_groups\" value=\"[]\" \/><input type=\"hidden\" name=\"_wpcf7cf_repeaters\" value=\"[]\" \/><input type=\"hidden\" name=\"_wpcf7cf_steps\" value=\"{}\" \/><input type=\"hidden\" name=\"_wpcf7cf_options\" value=\"{&quot;form_id&quot;:11975,&quot;conditions&quot;:[],&quot;settings&quot;:{&quot;animation&quot;:&quot;yes&quot;,&quot;animation_intime&quot;:200,&quot;animation_outtime&quot;:200,&quot;conditions_ui&quot;:&quot;normal&quot;,&quot;notice_dismissed&quot;:false,&quot;repeater_remove_button&quot;:&quot;bottom&quot;}}\" \/><input type=\"hidden\" name=\"_wpcf7_recaptcha_response\" value=\"\" \/>\n<\/fieldset>\n<b>Nombre<\/b>\n<span class=\"wpcf7-form-control-wrap\" data-name=\"Nombre\"><input size=\"40\" maxlength=\"400\" class=\"wpcf7-form-control wpcf7-text wpcf7-validates-as-required\" aria-required=\"true\" aria-invalid=\"false\" value=\"\" type=\"text\" name=\"Nombre\" \/><\/span>\n\n<b>Primer Apellido<\/b>\n<span class=\"wpcf7-form-control-wrap\" data-name=\"Apellido1\"><input size=\"40\" maxlength=\"400\" class=\"wpcf7-form-control wpcf7-text wpcf7-validates-as-required\" aria-required=\"true\" aria-invalid=\"false\" value=\"\" type=\"text\" name=\"Apellido1\" \/><\/span>\n\n<b>Segundo Apellido<\/b>\n<span class=\"wpcf7-form-control-wrap\" data-name=\"Apellido2\"><input size=\"40\" maxlength=\"400\" class=\"wpcf7-form-control wpcf7-text wpcf7-validates-as-required\" aria-required=\"true\" aria-invalid=\"false\" value=\"\" type=\"text\" name=\"Apellido2\" \/><\/span>\n\n<b>Correo Electr\u00f3nico<\/b>\n<span class=\"wpcf7-form-control-wrap\" data-name=\"email\"><input size=\"40\" maxlength=\"400\" class=\"wpcf7-form-control wpcf7-email wpcf7-validates-as-required wpcf7-text wpcf7-validates-as-email\" aria-required=\"true\" aria-invalid=\"false\" value=\"\" type=\"email\" name=\"email\" \/><\/span>\n\n<b>Lugar de la Competici\u00f3n<\/b>\n<span class=\"wpcf7-form-control-wrap\" data-name=\"Lugar\"><input size=\"40\" maxlength=\"400\" class=\"wpcf7-form-control wpcf7-text wpcf7-validates-as-required\" aria-required=\"true\" aria-invalid=\"false\" value=\"\" type=\"text\" name=\"Lugar\" \/><\/span>\n\n<b>Fecha de la Competici\u00f3n<\/b>\n<span class=\"wpcf7-form-control-wrap\" data-name=\"Fecha\"><input size=\"40\" maxlength=\"400\" class=\"wpcf7-form-control wpcf7-text wpcf7-validates-as-required\" id=\"formulario-fecha\" aria-required=\"true\" aria-invalid=\"false\" placeholder=\"dd\/mm\/aaaa\" value=\"\" type=\"text\" name=\"Fecha\" \/><\/span>\n\n<b>Coste de la Competici\u00f3n<\/b>\n<span class=\"wpcf7-form-control-wrap\" data-name=\"Coste\"><input size=\"40\" maxlength=\"400\" class=\"wpcf7-form-control wpcf7-text wpcf7-validates-as-required\" id=\"formulario-coste\" aria-required=\"true\" aria-invalid=\"false\" value=\"\" type=\"text\" name=\"Coste\" \/><\/span> Euros.\n\n<input class=\"wpcf7-form-control wpcf7-submit has-spinner\" id=\"formulario-boton\" type=\"submit\" value=\"ENVIAR\" \/> <div class=\"wpcf7-response-output\" aria-hidden=\"true\"><\/div>\n<\/form>\n<\/div>\n\n","protected":false},"excerpt":{"rendered":"<p>Ingresa aqu\u00ed tus datos y el coste de la inscripci\u00f3n de aquellas competiciones en las que hayas participado y hayas tenido que pagar personalmente. Si el balance econ\u00f3mico del club lo permite, se reembolsar\u00e1 una parte o la totalidad del coste de las inscripciones que se hayan notificado a trav\u00e9s de este formulario.<\/p>\n","protected":false},"author":1,"featured_media":0,"parent":0,"menu_order":0,"comment_status":"closed","ping_status":"closed","template":"","meta":{"footnotes":""},"class_list":["post-11340","page","type-page","status-publish","hentry"],"_links":{"self":[{"href":"https:\/\/atletismogana.es\/index.php?rest_route=\/wp\/v2\/pages\/11340","targetHints":{"allow":["GET"]}}],"collection":[{"href":"https:\/\/atletismogana.es\/index.php?rest_route=\/wp\/v2\/pages"}],"about":[{"href":"https:\/\/atletismogana.es\/index.php?rest_route=\/wp\/v2\/types\/page"}],"author":[{"embeddable":true,"href":"https:\/\/atletismogana.es\/index.php?rest_route=\/wp\/v2\/users\/1"}],"replies":[{"embeddable":true,"href":"https:\/\/atletismogana.es\/index.php?rest_route=%2Fwp%2Fv2%2Fcomments&post=11340"}],"version-history":[{"count":6,"href":"https:\/\/atletismogana.es\/index.php?rest_route=\/wp\/v2\/pages\/11340\/revisions"}],"predecessor-version":[{"id":14654,"href":"https:\/\/atletismogana.es\/index.php?rest_route=\/wp\/v2\/pages\/11340\/revisions\/14654"}],"wp:attachment":[{"href":"https:\/\/atletismogana.es\/index.php?rest_route=%2Fwp%2Fv2%2Fmedia&parent=11340"}],"curies":[{"name":"wp","href":"https:\/\/api.w.org\/{rel}","templated":true}]}}