{"id":14152,"date":"2025-08-18T22:01:59","date_gmt":"2025-08-18T20:01:59","guid":{"rendered":"https:\/\/atletismogana.es\/?page_id=14152"},"modified":"2025-11-15T18:25:11","modified_gmt":"2025-11-15T17:25:11","slug":"14152-2","status":"publish","type":"page","link":"https:\/\/atletismogana.es\/?page_id=14152","title":{"rendered":"NOTICIAS"},"content":{"rendered":"<div class=\"kb-row-layout-wrap kb-row-layout-id14152_ea34f8-2b alignfull has-theme-palette9-background-color kt-row-has-bg wp-block-kadence-rowlayout\"><div class=\"kt-row-column-wrap kt-has-1-columns kt-row-layout-equal kt-tab-layout-inherit kt-mobile-layout-row kt-row-valign-top kb-theme-content-width\">\n\n<div class=\"wp-block-kadence-column kadence-column14152_5f121d-26 inner-column-1\"><div class=\"kt-inside-inner-col\">\n<h6 class=\"kt-adv-heading14152_6625d6-90 wp-block-kadence-advancedheading has-theme-palette-5-color has-text-color\" data-kb-block=\"kb-adv-heading14152_6625d6-90\">todo lo que est\u00e1 pasando en el club<\/h6>\n\n\n<div class=\"kb-row-layout-wrap kb-row-layout-id14152_7a51c2-97 alignnone wp-block-kadence-rowlayout\"><div class=\"kt-row-column-wrap kt-has-2-columns kt-row-layout-equal kt-tab-layout-equal kt-mobile-layout-row kt-row-valign-top\">\n\n<div class=\"wp-block-kadence-column kadence-column14152_e553f0-73 inner-column-1\"><div class=\"kt-inside-inner-col\"><div class=\"kb-row-layout-wrap kb-row-layout-id14152_8353bd-75 alignnone wp-block-kadence-rowlayout\"><div class=\"kt-row-column-wrap kt-has-2-columns kt-row-layout-equal kt-tab-layout-row kt-mobile-layout-row kt-row-valign-top\">\n\n<div class=\"wp-block-kadence-column kadence-column14152_ca705d-4e inner-column-1\"><div class=\"kt-inside-inner-col\">\n<figure class=\"wp-block-kadence-image kb-image14152_bf9aa0-71 size-large kb-image-is-ratio-size\"><div class=\"kb-is-ratio-image kb-image-ratio-port34\"><img loading=\"lazy\" decoding=\"async\" width=\"1024\" height=\"685\" src=\"https:\/\/atletismogana.es\/wp-content\/uploads\/2025\/11\/Captura-de-pantalla-2025-11-02-a-las-20.20.37-1024x685.png\" alt=\"\" class=\"kb-img wp-image-14599\" srcset=\"https:\/\/atletismogana.es\/wp-content\/uploads\/2025\/11\/Captura-de-pantalla-2025-11-02-a-las-20.20.37-1024x685.png 1024w, https:\/\/atletismogana.es\/wp-content\/uploads\/2025\/11\/Captura-de-pantalla-2025-11-02-a-las-20.20.37-300x201.png 300w, https:\/\/atletismogana.es\/wp-content\/uploads\/2025\/11\/Captura-de-pantalla-2025-11-02-a-las-20.20.37-768x514.png 768w, https:\/\/atletismogana.es\/wp-content\/uploads\/2025\/11\/Captura-de-pantalla-2025-11-02-a-las-20.20.37-1536x1027.png 1536w, https:\/\/atletismogana.es\/wp-content\/uploads\/2025\/11\/Captura-de-pantalla-2025-11-02-a-las-20.20.37-2048x1369.png 2048w, https:\/\/atletismogana.es\/wp-content\/uploads\/2025\/11\/Captura-de-pantalla-2025-11-02-a-las-20.20.37-1170x782.png 1170w\" sizes=\"auto, (max-width: 1024px) 100vw, 1024px\" \/><\/div><\/figure>\n<\/div><\/div>\n\n\n\n<div class=\"wp-block-kadence-column kadence-column14152_d73c1a-07 inner-column-2\"><div class=\"kt-inside-inner-col\">\n<div class=\"kt-adv-heading14152_1c52b8-06 wp-block-kadence-advancedheading has-theme-palette-6-color has-text-color\" data-kb-block=\"kb-adv-heading14152_1c52b8-06\">CARRERAS POPULARES<\/div>\n\n\n\n<h3 class=\"kt-adv-heading14152_fb6bf7-55 wp-block-kadence-advancedheading has-theme-palette-3-color has-text-color\" data-kb-block=\"kb-adv-heading14152_fb6bf7-55\">Youness Ait Ali consigue la 1a posici\u00f3n en la media marat\u00f3n de las murallas<\/h3>\n\n\n\n<p>El atleta Youness Ait Ali, reciente incorporaci\u00f3n al Club, consigui\u00f3 el primer puesto en la media marat\u00f3n de las Murallas de Pamplona.<\/p>\n\n\n\n<div class=\"wp-block-kadence-advancedbtn kb-buttons-wrap kb-btns14152_adf1a6-4c\"><a class=\"kb-button kt-button button kb-btn14152_a54ba4-05 kt-btn-size-standard kt-btn-width-type-auto kb-btn-global-inherit  kt-btn-has-text-true kt-btn-has-svg-false  wp-block-button__link wp-block-kadence-singlebtn\" href=\"https:\/\/atletismogana.es\/?p=14597\"><span class=\"kt-btn-inner-text\">Leer m\u00e1s<\/span><\/a><\/div>\n<\/div><\/div>\n\n<\/div><\/div><\/div><\/div>\n\n\n\n<div class=\"wp-block-kadence-column kadence-column14152_eef24e-b9 inner-column-1\"><div class=\"kt-inside-inner-col\"><div class=\"kb-row-layout-wrap kb-row-layout-id14152_ba9f4a-21 alignnone wp-block-kadence-rowlayout\"><div class=\"kt-row-column-wrap kt-has-2-columns kt-row-layout-equal kt-tab-layout-row kt-mobile-layout-row kt-row-valign-top\">\n\n<div class=\"wp-block-kadence-column kadence-column14152_2ff1ef-a3 inner-column-1\"><div class=\"kt-inside-inner-col\">\n<figure class=\"wp-block-kadence-image kb-image14152_25cfb1-dd kb-image-is-ratio-size\"><div class=\"kb-is-ratio-image kb-image-ratio-port34\"><img loading=\"lazy\" decoding=\"async\" width=\"2560\" height=\"1706\" src=\"https:\/\/atletismogana.es\/wp-content\/uploads\/2025\/08\/250807_121914sm903889-scaled.jpg\" alt=\"\" class=\"kb-img wp-image-14075\" srcset=\"https:\/\/atletismogana.es\/wp-content\/uploads\/2025\/08\/250807_121914sm903889-scaled.jpg 2560w, https:\/\/atletismogana.es\/wp-content\/uploads\/2025\/08\/250807_121914sm903889-300x200.jpg 300w, https:\/\/atletismogana.es\/wp-content\/uploads\/2025\/08\/250807_121914sm903889-1024x683.jpg 1024w, https:\/\/atletismogana.es\/wp-content\/uploads\/2025\/08\/250807_121914sm903889-768x512.jpg 768w, https:\/\/atletismogana.es\/wp-content\/uploads\/2025\/08\/250807_121914sm903889-1536x1024.jpg 1536w, https:\/\/atletismogana.es\/wp-content\/uploads\/2025\/08\/250807_121914sm903889-2048x1365.jpg 2048w, https:\/\/atletismogana.es\/wp-content\/uploads\/2025\/08\/250807_121914sm903889-1170x780.jpg 1170w\" sizes=\"auto, (max-width: 2560px) 100vw, 2560px\" \/><\/div><\/figure>\n<\/div><\/div>\n\n\n\n<div class=\"wp-block-kadence-column kadence-column14152_f5caaa-f1 inner-column-2\"><div class=\"kt-inside-inner-col\">\n<div class=\"kt-adv-heading14152_b85bea-50 wp-block-kadence-advancedheading has-theme-palette-6-color has-text-color\" data-kb-block=\"kb-adv-heading14152_b85bea-50\">SELECCI\u00d3N ESPA\u00d1OLA<\/div>\n\n\n\n<h3 class=\"kt-adv-heading14152_95ef64-1b wp-block-kadence-advancedheading has-theme-palette-3-color has-text-color\" data-kb-block=\"kb-adv-heading14152_95ef64-1b\">Aritz Go\u00f1i en el Campeonato de Europa Sub-20<\/h3>\n\n\n\n<p>El atleta Aritz Go\u00f1i logr\u00f3 clasificarse en el Europeo Sub-20 en dos pruebas,&nbsp;100m vallas y salto de longitud, celebrado en Tampere (Finlandia) el pasado 9 de agosto.<\/p>\n\n\n\n<div class=\"wp-block-kadence-advancedbtn kb-buttons-wrap kb-btns14152_82b2f0-38\"><a class=\"kb-button kt-button button kb-btn14152_a9dbe4-b7 kt-btn-size-standard kt-btn-width-type-auto kb-btn-global-inherit  kt-btn-has-text-true kt-btn-has-svg-false  wp-block-button__link wp-block-kadence-singlebtn\" href=\"https:\/\/atletismogana.es\/?p=14122\"><span class=\"kt-btn-inner-text\">Leer m\u00e1s<\/span><\/a><\/div>\n<\/div><\/div>\n\n<\/div><\/div><\/div><\/div>\n\n\n\n<div class=\"wp-block-kadence-column kadence-column14152_6b2daf-b2 inner-column-1\"><div class=\"kt-inside-inner-col\"><div class=\"kb-row-layout-wrap kb-row-layout-id14152_aa74be-3f alignnone wp-block-kadence-rowlayout\"><div class=\"kt-row-column-wrap kt-has-2-columns kt-row-layout-equal kt-tab-layout-row kt-mobile-layout-row kt-row-valign-top\">\n\n<div class=\"wp-block-kadence-column kadence-column14152_3b3779-ce inner-column-1\"><div class=\"kt-inside-inner-col\">\n<figure class=\"wp-block-kadence-image kb-image14152_7a1a31-8f kb-image-is-ratio-size\"><div class=\"kb-is-ratio-image kb-image-ratio-port34\"><img loading=\"lazy\" decoding=\"async\" width=\"2560\" height=\"1707\" src=\"https:\/\/atletismogana.es\/wp-content\/uploads\/2025\/08\/668A7584-2-scaled.jpg\" alt=\"\" class=\"kb-img wp-image-14129\" srcset=\"https:\/\/atletismogana.es\/wp-content\/uploads\/2025\/08\/668A7584-2-scaled.jpg 2560w, https:\/\/atletismogana.es\/wp-content\/uploads\/2025\/08\/668A7584-2-300x200.jpg 300w, https:\/\/atletismogana.es\/wp-content\/uploads\/2025\/08\/668A7584-2-1024x683.jpg 1024w, https:\/\/atletismogana.es\/wp-content\/uploads\/2025\/08\/668A7584-2-768x512.jpg 768w, https:\/\/atletismogana.es\/wp-content\/uploads\/2025\/08\/668A7584-2-1536x1024.jpg 1536w, https:\/\/atletismogana.es\/wp-content\/uploads\/2025\/08\/668A7584-2-2048x1365.jpg 2048w, https:\/\/atletismogana.es\/wp-content\/uploads\/2025\/08\/668A7584-2-1170x780.jpg 1170w\" sizes=\"auto, (max-width: 2560px) 100vw, 2560px\" \/><\/div><\/figure>\n<\/div><\/div>\n\n\n\n<div class=\"wp-block-kadence-column kadence-column14152_da3013-35 inner-column-2\"><div class=\"kt-inside-inner-col\">\n<div class=\"kt-adv-heading14152_ed01cc-03 wp-block-kadence-advancedheading has-theme-palette-6-color has-text-color\" data-kb-block=\"kb-adv-heading14152_ed01cc-03\">CAMPEONATOS NACIONALES<\/div>\n\n\n\n<h3 class=\"kt-adv-heading14152_8aa566-ac wp-block-kadence-advancedheading has-theme-palette-3-color has-text-color\" data-kb-block=\"kb-adv-heading14152_8aa566-ac\">Campeonato de Espa\u00f1a Sub &#8211; 20<\/h3>\n\n\n\n<p class=\"kt-adv-heading14152_32d3d3-59 wp-block-kadence-advancedheading has-theme-palette-5-color has-text-color\" data-kb-block=\"kb-adv-heading14152_32d3d3-59\">Del 26 al 27 de julio en Villafranca de los Barros, varios atletas del Club demostraron su nivel con unas grandes actuaciones en sus respectivas pruebas en el Campeonato de Espa\u00f1a Sub-20.<\/p>\n\n\n\n<div class=\"wp-block-kadence-advancedbtn kb-buttons-wrap kb-btns14152_b40d86-71\"><a class=\"kb-button kt-button button kb-btn14152_6a20ba-57 kt-btn-size-standard kt-btn-width-type-auto kb-btn-global-inherit  kt-btn-has-text-true kt-btn-has-svg-false  wp-block-button__link wp-block-kadence-singlebtn\" href=\"https:\/\/atletismogana.es\/?p=14127\"><span class=\"kt-btn-inner-text\">Leer m\u00e1s<\/span><\/a><\/div>\n<\/div><\/div>\n\n<\/div><\/div><\/div><\/div>\n\n\n\n<div class=\"wp-block-kadence-column kadence-column14152_b047b8-34 inner-column-1\"><div class=\"kt-inside-inner-col\"><div class=\"kb-row-layout-wrap kb-row-layout-id14152_bf0026-eb alignnone wp-block-kadence-rowlayout\"><div class=\"kt-row-column-wrap kt-has-2-columns kt-row-layout-equal kt-tab-layout-row kt-mobile-layout-row kt-row-valign-top\">\n\n<div class=\"wp-block-kadence-column kadence-column14152_6d259e-42 inner-column-1\"><div class=\"kt-inside-inner-col\">\n<figure class=\"wp-block-kadence-image kb-image14152_0d7f22-77 kb-image-is-ratio-size\"><div class=\"kb-is-ratio-image kb-image-ratio-port34\"><img loading=\"lazy\" decoding=\"async\" width=\"1154\" height=\"2560\" src=\"https:\/\/atletismogana.es\/wp-content\/uploads\/2025\/08\/WhatsApp-Image-2025-07-21-at-14.41.03-scaled.jpeg\" alt=\"\" class=\"kb-img wp-image-14138\" srcset=\"https:\/\/atletismogana.es\/wp-content\/uploads\/2025\/08\/WhatsApp-Image-2025-07-21-at-14.41.03-scaled.jpeg 1154w, https:\/\/atletismogana.es\/wp-content\/uploads\/2025\/08\/WhatsApp-Image-2025-07-21-at-14.41.03-135x300.jpeg 135w, https:\/\/atletismogana.es\/wp-content\/uploads\/2025\/08\/WhatsApp-Image-2025-07-21-at-14.41.03-462x1024.jpeg 462w, https:\/\/atletismogana.es\/wp-content\/uploads\/2025\/08\/WhatsApp-Image-2025-07-21-at-14.41.03-768x1704.jpeg 768w, https:\/\/atletismogana.es\/wp-content\/uploads\/2025\/08\/WhatsApp-Image-2025-07-21-at-14.41.03-692x1536.jpeg 692w, https:\/\/atletismogana.es\/wp-content\/uploads\/2025\/08\/WhatsApp-Image-2025-07-21-at-14.41.03-923x2048.jpeg 923w, https:\/\/atletismogana.es\/wp-content\/uploads\/2025\/08\/WhatsApp-Image-2025-07-21-at-14.41.03-1170x2596.jpeg 1170w\" sizes=\"auto, (max-width: 1154px) 100vw, 1154px\" \/><\/div><\/figure>\n<\/div><\/div>\n\n\n\n<div class=\"wp-block-kadence-column kadence-column14152_b901e5-1e inner-column-2\"><div class=\"kt-inside-inner-col\">\n<div class=\"kt-adv-heading14152_8792b0-b2 wp-block-kadence-advancedheading has-theme-palette-6-color has-text-color\" data-kb-block=\"kb-adv-heading14152_8792b0-b2\">SELECCI\u00d3N ESPA\u00d1OLA<\/div>\n\n\n\n<h3 class=\"kt-adv-heading14152_ac2aaa-34 wp-block-kadence-advancedheading has-theme-palette-3-color has-text-color\" data-kb-block=\"kb-adv-heading14152_ac2aaa-34\">Gift Okunrobo en el Campeonato Iberoamericano Sub &#8211; 18<\/h3>\n\n\n\n<p class=\"kt-adv-heading14152_5d8edf-d9 wp-block-kadence-advancedheading has-theme-palette-5-color has-text-color\" data-kb-block=\"kb-adv-heading14152_5d8edf-d9\">Excelente participaci\u00f3n de Gift en el Campeonato Iberoamericano celebrado en Luque (Paraguay), logrando medalla de oro en salto de longitud y triple salto.<\/p>\n\n\n\n<div class=\"wp-block-kadence-advancedbtn kb-buttons-wrap kb-btns14152_44769e-79\"><a class=\"kb-button kt-button button kb-btn14152_3797a4-3d kt-btn-size-standard kt-btn-width-type-auto kb-btn-global-inherit  kt-btn-has-text-true kt-btn-has-svg-false  wp-block-button__link wp-block-kadence-singlebtn\" href=\"https:\/\/atletismogana.es\/?p=14136\"><span class=\"kt-btn-inner-text\">Leer m\u00e1s<\/span><\/a><\/div>\n<\/div><\/div>\n\n<\/div><\/div><\/div><\/div>\n\n<\/div><\/div><\/div><\/div>\n\n\n\n<div class=\"wp-block-kadence-column kadence-column14152_b70441-6c\"><div class=\"kt-inside-inner-col\"><\/div><\/div>\n\n<\/div><\/div>","protected":false},"excerpt":{"rendered":"<p>todo lo que est\u00e1 pasando en el club CARRERAS POPULARES Youness Ait Ali consigue la 1a posici\u00f3n en la media marat\u00f3n de las murallas El atleta Youness Ait Ali, reciente incorporaci\u00f3n al Club, consigui\u00f3 el primer puesto en la media marat\u00f3n de las Murallas de Pamplona. SELECCI\u00d3N ESPA\u00d1OLA Aritz Go\u00f1i en el Campeonato de Europa [&hellip;]<\/p>\n","protected":false},"author":1,"featured_media":0,"parent":0,"menu_order":0,"comment_status":"closed","ping_status":"closed","template":"","meta":{"footnotes":""},"class_list":["post-14152","page","type-page","status-publish","hentry"],"_links":{"self":[{"href":"https:\/\/atletismogana.es\/index.php?rest_route=\/wp\/v2\/pages\/14152","targetHints":{"allow":["GET"]}}],"collection":[{"href":"https:\/\/atletismogana.es\/index.php?rest_route=\/wp\/v2\/pages"}],"about":[{"href":"https:\/\/atletismogana.es\/index.php?rest_route=\/wp\/v2\/types\/page"}],"author":[{"embeddable":true,"href":"https:\/\/atletismogana.es\/index.php?rest_route=\/wp\/v2\/users\/1"}],"replies":[{"embeddable":true,"href":"https:\/\/atletismogana.es\/index.php?rest_route=%2Fwp%2Fv2%2Fcomments&post=14152"}],"version-history":[{"count":9,"href":"https:\/\/atletismogana.es\/index.php?rest_route=\/wp\/v2\/pages\/14152\/revisions"}],"predecessor-version":[{"id":14630,"href":"https:\/\/atletismogana.es\/index.php?rest_route=\/wp\/v2\/pages\/14152\/revisions\/14630"}],"wp:attachment":[{"href":"https:\/\/atletismogana.es\/index.php?rest_route=%2Fwp%2Fv2%2Fmedia&parent=14152"}],"curies":[{"name":"wp","href":"https:\/\/api.w.org\/{rel}","templated":true}]}}