{"id":487,"date":"2021-10-23T16:22:54","date_gmt":"2021-10-23T16:22:54","guid":{"rendered":"https:\/\/atletismogana.es\/?page_id=487"},"modified":"2024-12-10T18:21:02","modified_gmt":"2024-12-10T17:21:02","slug":"informacion-del-club-klubari-buruzko-informazioa","status":"publish","type":"page","link":"https:\/\/atletismogana.es\/?page_id=487","title":{"rendered":"Informaci\u00f3n del Club"},"content":{"rendered":"\n<figure class=\"wp-block-embed is-type-rich is-provider-gestor-del-servicio wp-block-embed-gestor-del-servicio wp-embed-aspect-16-9 wp-has-aspect-ratio\"><div class=\"wp-block-embed__wrapper\">\n<iframe loading=\"lazy\" title=\"Presentaci\u00f3n del club Valdizarbe-GANA (Grupo de Atletismo de Navarra)\" width=\"1170\" height=\"658\" src=\"https:\/\/www.youtube.com\/embed\/J3X0l956M2o?feature=oembed\" frameborder=\"0\" allow=\"accelerometer; autoplay; clipboard-write; encrypted-media; gyroscope; picture-in-picture; web-share\" referrerpolicy=\"strict-origin-when-cross-origin\" allowfullscreen><\/iframe>\n<\/div><\/figure>\n\n\n\n<p><strong>UN CLUB DE TODOS\/AS Y PARA TODOS\/AS<\/strong><\/p>\n\n\n\n<p>El  \u00abGrupo de Atletismo de Navarra (GANA)\u00bb nace con el objetivo de ser el estandarte del atletismo en Navarra. Un club de todos\/as los\/las navarros\/as y para todos\/as los\/las navarros\/as y, por esencia, con el\/la atleta como protagonista.<\/p>\n\n\n\n<p>A lo largo del&nbsp; a\u00f1o 2013 varios entrenadores y atletas, entre los que se encuentra la figura del atletismo nacional Jos\u00e9 Mar\u00eda Romera, junto con antiguos dirigentes de clubs navarros y padres y madres de j\u00f3venes y destacad<em>os\/as<\/em> atletas, decidimos emprender este proyecto para dar a los\/las deportistas la oportunidad de formar parte real de un club de todos\/as y para tod<em>os\/as<\/em>.<\/p>\n\n\n\n<p>En nuestros estatutos estimulamos la participaci\u00f3n activa de l<em>os\/las<\/em> atletas, entrenadores\/as, aficionad<em>os\/as<\/em> y clubs asociados al club GANA, con el objetivo de que aporten su opini\u00f3n y su esfuerzo, en busca de mejorar el atletismo de nuestra comunidad para beneficio de tod<em>os\/as<\/em>.<\/p>\n\n\n\n<p><strong>UN CLUB DE TODA NAVARRA PARA TODA NAVARRA<\/strong><\/p>\n\n\n\n<p>Nuestra experiencia nos ha hecho ver que l<em>os\/las<\/em> grandes atletas no nacen y se forman en la misma escuela y con las mismas oportunidades. Por ello GANA no es un club \u00fanico, es la participaci\u00f3n de todos los equipos filiales, escuelas y grupos que est\u00e9n asociados en toda Navarra<s>.<\/s><\/p>\n\n\n\n<p>Aunque la sede central de entrenamiento se sit\u00faa en el Centro de Tecnificaci\u00f3n Deportiva de Larrabide, GANA ha comenzado a crear grupos j\u00f3venes de atletismo en escuelas y municipios en donde antes no exist\u00edan, para facilitar el acceso a los ni\u00f1as y ni\u00f1os navarros a este fant\u00e1stico deporte.<\/p>\n\n\n\n<p>As\u00ed mismo queremos colaborar con equipos filiales y escuelas asociadas ya existentes para ofrecer sistemas actualizados de trabajo, solventar problemas, aportar monitores\/as o simplemente para apoyar y crear nuevos est\u00edmulos que aumenten el entusiasmo por el atletismo.<\/p>\n\n\n\n<p>Queremos acercar el atletismo a l<em>os\/las<\/em> j\u00f3venes de todos los lugares de Navarra, con lo que nos esmeraremos en ayudar a quienes deseen acceder a cursos de monitores\/as y estando presentes en los comienzos de estos nuevos puntos de entrenamiento.<\/p>\n\n\n\n<p><strong>EL\/LA ATLETA COMO PROTAGONISTA<\/strong><\/p>\n\n\n\n<p>El\/La deportista es el alma y motor de este deporte. Por ello tenemos un compromiso especial con l<em>os\/las<\/em> atletas. GANA es un club de atletas asociad<em>os\/as<\/em>, tod<em>os\/as<\/em> l<em>os\/las<\/em> cuales participan en los asuntos del mismo. Queremos que sea un club transparente, participativo y formado exclusivamente por personas dedicadas y amantes del atletismo.<\/p>\n\n\n\n<p>Ell<em>os\/as<\/em> podr\u00e1n beneficiarse de l<em>os\/las<\/em> entrenadores\/as y monitores\/as de club, de ayudas de acceso a puntos de entrenamiento, asesoramiento continuo en sistemas de trabajo hacia sus entrenadores\/as y grupos de trabajo especializados por disciplinas.<\/p>\n\n\n\n<p>GANA mediar\u00e1 entre la Federaci\u00f3n Navarra, el Gobierno de Navarra y el\/la atleta que, reuniendo m\u00e9ritos suficientes, desee venir a Pamplona a estudiar con una beca deportiva y ser alojado en la Residencia Fuerte del Pr\u00edncipe, para entrenar con el grupo principal en el Centro de Tecnificaci\u00f3n de Larrabide.<\/p>\n\n\n\n<p><strong>UNA REFERENCIA PARA EL ATLETISMO NAVARRO<\/strong><\/p>\n\n\n\n<p>Gracias al acuerdo de colaboraci\u00f3n y compromiso con otros clubs navarros ya existentes, contamos con un n\u00famero de atletas de nivel como para pensar en participar a corto plazo en la competici\u00f3n de liga nacional.<\/p>\n","protected":false},"excerpt":{"rendered":"<p>UN CLUB DE TODOS\/AS Y PARA TODOS\/AS El \u00abGrupo de Atletismo de Navarra (GANA)\u00bb nace con el objetivo de ser el estandarte del atletismo en Navarra. Un club de todos\/as los\/las navarros\/as y para todos\/as los\/las navarros\/as y, por esencia, con el\/la atleta como protagonista. A lo largo del&nbsp; a\u00f1o 2013 varios entrenadores y atletas, [&hellip;]<\/p>\n","protected":false},"author":1,"featured_media":0,"parent":0,"menu_order":0,"comment_status":"closed","ping_status":"closed","template":"","meta":{"footnotes":""},"class_list":["post-487","page","type-page","status-publish","hentry"],"_links":{"self":[{"href":"https:\/\/atletismogana.es\/index.php?rest_route=\/wp\/v2\/pages\/487","targetHints":{"allow":["GET"]}}],"collection":[{"href":"https:\/\/atletismogana.es\/index.php?rest_route=\/wp\/v2\/pages"}],"about":[{"href":"https:\/\/atletismogana.es\/index.php?rest_route=\/wp\/v2\/types\/page"}],"author":[{"embeddable":true,"href":"https:\/\/atletismogana.es\/index.php?rest_route=\/wp\/v2\/users\/1"}],"replies":[{"embeddable":true,"href":"https:\/\/atletismogana.es\/index.php?rest_route=%2Fwp%2Fv2%2Fcomments&post=487"}],"version-history":[{"count":16,"href":"https:\/\/atletismogana.es\/index.php?rest_route=\/wp\/v2\/pages\/487\/revisions"}],"predecessor-version":[{"id":13930,"href":"https:\/\/atletismogana.es\/index.php?rest_route=\/wp\/v2\/pages\/487\/revisions\/13930"}],"wp:attachment":[{"href":"https:\/\/atletismogana.es\/index.php?rest_route=%2Fwp%2Fv2%2Fmedia&parent=487"}],"curies":[{"name":"wp","href":"https:\/\/api.w.org\/{rel}","templated":true}]}}