{"id":496,"date":"2021-10-23T16:36:14","date_gmt":"2021-10-23T16:36:14","guid":{"rendered":"https:\/\/atletismogana.es\/?page_id=496"},"modified":"2021-10-26T18:30:35","modified_gmt":"2021-10-26T18:30:35","slug":"objetivos","status":"publish","type":"page","link":"https:\/\/atletismogana.es\/?page_id=496","title":{"rendered":"Objetivos"},"content":{"rendered":"\n<p> Los objetivos del Grupo de Atletismo de Navarra (GANA) son los siguientes: <\/p>\n\n\n\n<p><strong>A CORTO PLAZO:<\/strong><\/p>\n\n\n\n<ul class=\"wp-block-list\"><li>Comienzo y asentamiento del Club GANA<\/li><li>Creaci\u00f3n de escuelas de atletismo propias en colegios y centros de diferentes puntos de Navarra.<\/li><li>Creaci\u00f3n de grupos de entrenamiento de alto nivel en Pamplona.<\/li><li>Participaci\u00f3n de nuestros atletas en campeonatos de Espa\u00f1a y de Euskadi en diferentes categor\u00edas.<\/li><li>Asociar a clubs y escuelas de atletismo de Navarra.<\/li><li>Asociar a atletas navarros de categor\u00edas superiores.<\/li><li>Formaci\u00f3n de nuevos monitores de atletismo propios del club.<\/li><\/ul>\n\n\n\n<p><strong>A MEDIO PLAZO:<\/strong><\/p>\n\n\n\n<ul class=\"wp-block-list\"><li>Creaci\u00f3n de nuevos grupos de entrenamiento de alto nivel en puntos fuertes de Comunidad Foral de Navarra.<\/li><li>Mantener las escuelas de atletismo y apoyar su autogesti\u00f3n.<\/li><li>Formaci\u00f3n de nuevos entrenadores de atletismo propios del club.<\/li><li>Participaci\u00f3n en la Liga Nacional de Clubs Atletismo (RFEA) y ascensos de categor\u00edas.<\/li><li>Realizar actividades atl\u00e9ticas urbanas como promoci\u00f3n del deporte.<\/li><\/ul>\n\n\n\n<p><\/p>\n","protected":false},"excerpt":{"rendered":"<p>Los objetivos del Grupo de Atletismo de Navarra (GANA) son los siguientes: A CORTO PLAZO: Comienzo y asentamiento del Club GANA Creaci\u00f3n de escuelas de atletismo propias en colegios y centros de diferentes puntos de Navarra. Creaci\u00f3n de grupos de entrenamiento de alto nivel en Pamplona. Participaci\u00f3n de nuestros atletas en campeonatos de Espa\u00f1a y [&hellip;]<\/p>\n","protected":false},"author":1,"featured_media":0,"parent":487,"menu_order":0,"comment_status":"closed","ping_status":"closed","template":"","meta":{"footnotes":""},"class_list":["post-496","page","type-page","status-publish","hentry"],"_links":{"self":[{"href":"https:\/\/atletismogana.es\/index.php?rest_route=\/wp\/v2\/pages\/496","targetHints":{"allow":["GET"]}}],"collection":[{"href":"https:\/\/atletismogana.es\/index.php?rest_route=\/wp\/v2\/pages"}],"about":[{"href":"https:\/\/atletismogana.es\/index.php?rest_route=\/wp\/v2\/types\/page"}],"author":[{"embeddable":true,"href":"https:\/\/atletismogana.es\/index.php?rest_route=\/wp\/v2\/users\/1"}],"replies":[{"embeddable":true,"href":"https:\/\/atletismogana.es\/index.php?rest_route=%2Fwp%2Fv2%2Fcomments&post=496"}],"version-history":[{"count":8,"href":"https:\/\/atletismogana.es\/index.php?rest_route=\/wp\/v2\/pages\/496\/revisions"}],"predecessor-version":[{"id":713,"href":"https:\/\/atletismogana.es\/index.php?rest_route=\/wp\/v2\/pages\/496\/revisions\/713"}],"up":[{"embeddable":true,"href":"https:\/\/atletismogana.es\/index.php?rest_route=\/wp\/v2\/pages\/487"}],"wp:attachment":[{"href":"https:\/\/atletismogana.es\/index.php?rest_route=%2Fwp%2Fv2%2Fmedia&parent=496"}],"curies":[{"name":"wp","href":"https:\/\/api.w.org\/{rel}","templated":true}]}}