{"id":521,"date":"2021-10-23T17:25:36","date_gmt":"2021-10-23T17:25:36","guid":{"rendered":"https:\/\/atletismogana.es\/?page_id=521"},"modified":"2025-12-02T17:21:09","modified_gmt":"2025-12-02T16:21:09","slug":"inscripcion-club","status":"publish","type":"page","link":"https:\/\/atletismogana.es\/?page_id=521","title":{"rendered":"Inscripci\u00f3n Adultos"},"content":{"rendered":"\n<h4 class=\"wp-block-heading\"><strong>TRAMITACI\u00d3N DE LICENCIAS CLUB GANA <\/strong>2026<\/h4>\n\n\n\n<p>Ya est\u00e1 abierta la inscripci\u00f3n del Club para la temporada 2026. A partir de este a\u00f1o, todas las inscripciones \u2013tanto la licencia del Club como la licencia federativa\u2013 se gestionar\u00e1n a trav\u00e9s de la plataforma Cluber. El periodo de inscripci\u00f3n estar\u00e1 disponible <strong>desde el d\u00eda 1 de diciembre hasta el 12<\/strong>. Tendr\u00e1n que renovar la licencia:<\/p>\n\n\n\n<ul class=\"wp-block-list\">\n<li>Atletas que quieran renovar con relaci\u00f3n a 2025<\/li>\n\n\n\n<li>Atletas que ten\u00edan licencia cuatrimestral (Septiembre &#8211; Diciembre 2025)<\/li>\n\n\n\n<li>Atletas nuevos que vayan a fichar para el 2026<\/li>\n<\/ul>\n\n\n\n<p class=\"kt-adv-heading521_acffd7-fb wp-block-kadence-advancedheading\" data-kb-block=\"kb-adv-heading521_acffd7-fb\"><br>Si perteneces a otro club pero entrenas en GANA, tambi\u00e9n debes inscribirte para asignarte tu cuota correspondiente.<\/p>\n\n\n\n<h5 class=\"wp-block-heading\">CATEGOR\u00cdAS<\/h5>\n\n\n\n<ul class=\"wp-block-list\">\n<li>M\u00e1ster \u00b7 a partir del d\u00eda que se cumplen 35 a\u00f1os<\/li>\n\n\n\n<li>S\u00e9nior \u00b7 nacidos y nacidas en el a\u00f1o 2003 posteriores<\/li>\n\n\n\n<li>Sub-23 \u00b7 nacidos y nacidas en 2004, 2005 y 2006<\/li>\n\n\n\n<li>Sub-20 \u00b7 nacidos y nacidas en 2007 y 2008<\/li>\n\n\n\n<li>Sub-18 \u00b7 nacidos y nacidas en 2009 y 2010<\/li>\n\n\n\n<li>Sub-16 \u00b7 nacidos y nacidas en 2011 y 2012<\/li>\n<\/ul>\n\n\n\n<h5 class=\"wp-block-heading\">CUOTAS DE LAS LICENCIAS<\/h5>\n\n\n\n<p><strong>IMPORTANTE:<\/strong> La entrada a Larrabide no est\u00e1 incluida. A finales de diciembre enviaremos toda la informaci\u00f3n necesaria para que cada atleta pueda abonar el importe correspondiente, seg\u00fan el n\u00famero de d\u00edas que decida entrenar.<\/p>\n\n\n\n<p>La licencia incluye dos conceptos: la cuota del Club y la licencia federativa, el atleta deber\u00e1 abonar <strong>el importe total, resultante de la suma de ambos conceptos<\/strong>. El cobro se realizar\u00e1 autom\u00e1ticamente el <strong>15 de diciembre<\/strong> en la tarjeta que introduzcas durante el proceso. Adem\u00e1s, se aplicar\u00e1n unos <strong>gastos de gesti\u00f3n<\/strong> (m\u00e1ximo 15 \u20ac), que se sumar\u00e1n al importe final.<\/p>\n\n\n\n<p>Las cuotas por categor\u00eda y tipo de licencia son:<\/p>\n\n\n\n<table id=\"tablepress-8\" class=\"tablepress tablepress-id-8\">\n<thead>\n<tr class=\"row-1\">\n\t<th colspan=\"3\" class=\"column-1\"><center><strong>Licencias Nacionales<\/strong><\/center><\/th><td class=\"column-4\"><\/td>\n<\/tr>\n<\/thead>\n<tbody class=\"row-striping row-hover\">\n<tr class=\"row-2\">\n\t<td class=\"column-1\"><strong>Categor\u00eda<\/strong><\/td><td class=\"column-2\"><strong>Precio Licencia RFEA<\/strong><\/td><td class=\"column-3\"><strong>Cuota del Club<\/strong><\/td><td class=\"column-4\"><strong>Precio<\/strong><\/td>\n<\/tr>\n<tr class=\"row-3\">\n\t<td class=\"column-1\">M\u00e1ster<\/td><td class=\"column-2\">182\u20ac<\/td><td class=\"column-3\">125\u20ac<\/td><td class=\"column-4\"><strong>307\u20ac<\/strong><\/td>\n<\/tr>\n<tr class=\"row-4\">\n\t<td class=\"column-1\">Senior<\/td><td class=\"column-2\">176\u20ac<\/td><td class=\"column-3\">125\u20ac<\/td><td class=\"column-4\"><strong>301\u20ac<\/strong><\/td>\n<\/tr>\n<tr class=\"row-5\">\n\t<td class=\"column-1\">Sub23 (Promesa)<\/td><td class=\"column-2\">176\u20ac<\/td><td class=\"column-3\">125\u20ac<\/td><td class=\"column-4\"><strong>301\u20ac<\/strong><\/td>\n<\/tr>\n<tr class=\"row-6\">\n\t<td class=\"column-1\">Sub20 (Junior)<\/td><td class=\"column-2\">112\u20ac<\/td><td class=\"column-3\">125\u20ac<\/td><td class=\"column-4\"><strong>237\u20ac<\/strong><\/td>\n<\/tr>\n<tr class=\"row-7\">\n\t<td class=\"column-1\">Sub18<\/td><td class=\"column-2\">112\u20ac<\/td><td class=\"column-3\">0\u20ac<\/td><td class=\"column-4\"><strong>112\u20ac<\/strong><\/td>\n<\/tr>\n<tr class=\"row-8\">\n\t<td class=\"column-1\">Sub16<\/td><td class=\"column-2\">81\u20ac<\/td><td class=\"column-3\">0\u20ac<\/td><td class=\"column-4\"><strong>81\u20ac<\/strong><\/td>\n<\/tr>\n<\/tbody>\n<\/table>\n<!-- #tablepress-8 from cache -->\n\n\n\n<table id=\"tablepress-9\" class=\"tablepress tablepress-id-9\">\n<thead>\n<tr class=\"row-1\">\n\t<th colspan=\"3\" class=\"column-1\"><center><strong>Licencias Territoriales<\/strong><\/center><\/th><td class=\"column-4\"><\/td>\n<\/tr>\n<\/thead>\n<tbody class=\"row-striping row-hover\">\n<tr class=\"row-2\">\n\t<td class=\"column-1\"><strong>Categor\u00eda<\/strong><\/td><td class=\"column-2\"><strong>Precio Licencia FNA<\/strong><\/td><td class=\"column-3\"><strong>Cuota del Club<\/strong><\/td><td class=\"column-4\"><strong>Precio<\/strong><\/td>\n<\/tr>\n<tr class=\"row-3\">\n\t<td class=\"column-1\">M\u00e1ster<\/td><td class=\"column-2\">123\u20ac<\/td><td class=\"column-3\">125\u20ac<\/td><td class=\"column-4\"><strong>248\u20ac<\/strong><\/td>\n<\/tr>\n<tr class=\"row-4\">\n\t<td class=\"column-1\">Senior<\/td><td class=\"column-2\">116\u20ac<\/td><td class=\"column-3\">125\u20ac<\/td><td class=\"column-4\"><strong>241\u20ac<\/strong><\/td>\n<\/tr>\n<tr class=\"row-5\">\n\t<td class=\"column-1\">Sub23 (Promesa)<\/td><td class=\"column-2\">116\u20ac<\/td><td class=\"column-3\">125\u20ac<\/td><td class=\"column-4\"><strong>241\u20ac<\/strong><\/td>\n<\/tr>\n<tr class=\"row-6\">\n\t<td class=\"column-1\">Sub20 (Junior)<\/td><td class=\"column-2\">74\u20ac<\/td><td class=\"column-3\">125\u20ac<\/td><td class=\"column-4\"><strong>199\u20ac<\/strong><\/td>\n<\/tr>\n<tr class=\"row-7\">\n\t<td class=\"column-1\">Sub18<\/td><td class=\"column-2\">74\u20ac<\/td><td class=\"column-3\">0\u20ac<\/td><td class=\"column-4\"><strong>74\u20ac<\/strong><\/td>\n<\/tr>\n<tr class=\"row-8\">\n\t<td class=\"column-1\">Sub16<\/td><td class=\"column-2\">51\u20ac<\/td><td class=\"column-3\">0\u20ac<\/td><td class=\"column-4\"><strong>51\u20ac<\/strong><\/td>\n<\/tr>\n<\/tbody>\n<\/table>\n<!-- #tablepress-9 from cache -->\n\n\n\n<h5 class=\"wp-block-heading\"><br>PASOS PARA COMPLETAR TU INSCRIPCI\u00d3N A TRAV\u00c9S DE CLUBER<\/h5>\n\n\n\n<p>Antes de comenzar el proceso, es importante que dispongas de una <strong>fotograf\u00eda de carn\u00e9 digitalizada<\/strong> para subirla a tu perfil. Puedes iniciar tu inscripci\u00f3n haciendo clic <strong><a href=\"https:\/\/app.cluber.es\/legacy\/clubes\/68ff8bdb2880a658584462\/inscripcion\" data-type=\"link\" data-id=\"https:\/\/app.cluber.es\/legacy\/clubes\/68ff8bdb2880a658584462\/inscripcion\">aqu\u00ed<\/a><\/strong>, pero te recomendamos <strong>leer previamente las instrucciones paso a paso<\/strong> para evitar cualquier problema durante el tr\u00e1mite.<\/p>\n\n\n\n<h6 class=\"wp-block-heading has-dark-color has-text-color has-link-color wp-elements-48106e8a25873ecfb8f65ceae1184769\">1. INTRODUCE TU TEL\u00c9FONO M\u00d3VIL<\/h6>\n\n\n\n<p>Si ya est\u00e1s registrado \/ a en Cluber, te dejar\u00e1 iniciar sesi\u00f3n directamente. Si es la primera vez, te pedir\u00e1 confirmar el n\u00famero para continuar.<\/p>\n\n\n\n<figure class=\"wp-block-image size-large\"><img loading=\"lazy\" decoding=\"async\" width=\"1024\" height=\"775\" src=\"https:\/\/atletismogana.es\/wp-content\/uploads\/2025\/12\/pasos-inscripcion-adultos2-2-1024x775.jpg\" alt=\"\" class=\"wp-image-14733\" srcset=\"https:\/\/atletismogana.es\/wp-content\/uploads\/2025\/12\/pasos-inscripcion-adultos2-2-1024x775.jpg 1024w, https:\/\/atletismogana.es\/wp-content\/uploads\/2025\/12\/pasos-inscripcion-adultos2-2-300x227.jpg 300w, https:\/\/atletismogana.es\/wp-content\/uploads\/2025\/12\/pasos-inscripcion-adultos2-2-768x581.jpg 768w, https:\/\/atletismogana.es\/wp-content\/uploads\/2025\/12\/pasos-inscripcion-adultos2-2-1536x1163.jpg 1536w, https:\/\/atletismogana.es\/wp-content\/uploads\/2025\/12\/pasos-inscripcion-adultos2-2-2048x1550.jpg 2048w, https:\/\/atletismogana.es\/wp-content\/uploads\/2025\/12\/pasos-inscripcion-adultos2-2-1170x886.jpg 1170w\" sizes=\"auto, (max-width: 1024px) 100vw, 1024px\" \/><\/figure>\n\n\n\n<h6 class=\"wp-block-heading has-dark-color has-text-color has-link-color wp-elements-d6741196470e5ddc604f86763f7bf7e3\">2. rellena tus datos como tutor o tutora<\/h6>\n\n\n\n<p>Aunque seas deportista adulto, es necesario. Los datos a rellenar son los siguientes: <\/p>\n\n\n\n<ul class=\"wp-block-list\">\n<li>Nombre y apellidos<\/li>\n\n\n\n<li>DNI \/ NIE<\/li>\n\n\n\n<li>Direcci\u00f3n<\/li>\n\n\n\n<li>Email<\/li>\n\n\n\n<li>Provincia, ciudad y c\u00f3digo postal<\/li>\n<\/ul>\n\n\n\n<p><br>Una vez introducidos todos datos, <strong>marca la casilla de pol\u00edtica de privacidad <\/strong>y pulsa siguiente.<\/p>\n\n\n\n<figure class=\"wp-block-image size-large is-resized\"><img loading=\"lazy\" decoding=\"async\" width=\"1024\" height=\"643\" src=\"https:\/\/atletismogana.es\/wp-content\/uploads\/2025\/12\/ultimo-1024x643.jpg\" alt=\"\" class=\"wp-image-14745\" style=\"width:677px;height:auto\" srcset=\"https:\/\/atletismogana.es\/wp-content\/uploads\/2025\/12\/ultimo-1024x643.jpg 1024w, https:\/\/atletismogana.es\/wp-content\/uploads\/2025\/12\/ultimo-300x188.jpg 300w, https:\/\/atletismogana.es\/wp-content\/uploads\/2025\/12\/ultimo-768x482.jpg 768w, https:\/\/atletismogana.es\/wp-content\/uploads\/2025\/12\/ultimo-1536x964.jpg 1536w, https:\/\/atletismogana.es\/wp-content\/uploads\/2025\/12\/ultimo-2048x1285.jpg 2048w, https:\/\/atletismogana.es\/wp-content\/uploads\/2025\/12\/ultimo-1170x734.jpg 1170w\" sizes=\"auto, (max-width: 1024px) 100vw, 1024px\" \/><\/figure>\n\n\n\n<h6 class=\"wp-block-heading has-dark-color has-text-color has-link-color wp-elements-e53392a1ad9b6c5abe3b7d58c586d0eb\">3. CREA TU PERFIL DE DEPORTISTA<\/h6>\n\n\n\n<p>Ver\u00e1s un bot\u00f3n de \u201cCrear deportista nuevo\u201d. P\u00falsalo y rellena los siguientes datos: <\/p>\n\n\n\n<ul class=\"wp-block-list\">\n<li>Nombre y apellidos<\/li>\n\n\n\n<li>Fecha de nacimiento<\/li>\n\n\n\n<li>DNI \/ NIE<\/li>\n\n\n\n<li>Email (si el deportista tiene)<\/li>\n\n\n\n<li>Tel\u00e9fono (si el deportista tiene)<\/li>\n\n\n\n<li>A\u00f1ade una foto tipo carn\u00e9<\/li>\n\n\n\n<li>Indica alergias o \/ y enfermedades (si existen)<\/li>\n<\/ul>\n\n\n\n<p><br>Pulsa \u201cguardar\u201d y acepta el consentimiento de im\u00e1genes.<br>* Si tienes m\u00e1s de un deportista a tu cargo, aqu\u00ed puedes a\u00f1adirlos todos antes de continuar.<\/p>\n\n\n\n<div class=\"wp-block-columns is-layout-flex wp-container-core-columns-is-layout-28f84493 wp-block-columns-is-layout-flex\">\n<div class=\"wp-block-column is-layout-flow wp-block-column-is-layout-flow\">\n<figure class=\"wp-block-image size-large\"><img loading=\"lazy\" decoding=\"async\" width=\"1024\" height=\"724\" src=\"https:\/\/atletismogana.es\/wp-content\/uploads\/2025\/12\/pasos-inscripcion-adultos23-1024x724.jpg\" alt=\"\" class=\"wp-image-14724\" srcset=\"https:\/\/atletismogana.es\/wp-content\/uploads\/2025\/12\/pasos-inscripcion-adultos23-1024x724.jpg 1024w, https:\/\/atletismogana.es\/wp-content\/uploads\/2025\/12\/pasos-inscripcion-adultos23-300x212.jpg 300w, https:\/\/atletismogana.es\/wp-content\/uploads\/2025\/12\/pasos-inscripcion-adultos23-768x543.jpg 768w, https:\/\/atletismogana.es\/wp-content\/uploads\/2025\/12\/pasos-inscripcion-adultos23-1536x1086.jpg 1536w, https:\/\/atletismogana.es\/wp-content\/uploads\/2025\/12\/pasos-inscripcion-adultos23-2048x1448.jpg 2048w, https:\/\/atletismogana.es\/wp-content\/uploads\/2025\/12\/pasos-inscripcion-adultos23-1170x827.jpg 1170w\" sizes=\"auto, (max-width: 1024px) 100vw, 1024px\" \/><\/figure>\n<\/div>\n\n\n\n<div class=\"wp-block-column is-layout-flow wp-block-column-is-layout-flow\">\n<figure class=\"wp-block-image size-large\"><img loading=\"lazy\" decoding=\"async\" width=\"1024\" height=\"724\" src=\"https:\/\/atletismogana.es\/wp-content\/uploads\/2025\/12\/pasos-inscripcion-adultos25-1024x724.jpg\" alt=\"\" class=\"wp-image-14725\" srcset=\"https:\/\/atletismogana.es\/wp-content\/uploads\/2025\/12\/pasos-inscripcion-adultos25-1024x724.jpg 1024w, https:\/\/atletismogana.es\/wp-content\/uploads\/2025\/12\/pasos-inscripcion-adultos25-300x212.jpg 300w, https:\/\/atletismogana.es\/wp-content\/uploads\/2025\/12\/pasos-inscripcion-adultos25-768x543.jpg 768w, https:\/\/atletismogana.es\/wp-content\/uploads\/2025\/12\/pasos-inscripcion-adultos25-1536x1086.jpg 1536w, https:\/\/atletismogana.es\/wp-content\/uploads\/2025\/12\/pasos-inscripcion-adultos25-2048x1448.jpg 2048w, https:\/\/atletismogana.es\/wp-content\/uploads\/2025\/12\/pasos-inscripcion-adultos25-1170x827.jpg 1170w\" sizes=\"auto, (max-width: 1024px) 100vw, 1024px\" \/><\/figure>\n<\/div>\n<\/div>\n\n\n\n<h6 class=\"wp-block-heading has-dark-color has-text-color has-link-color wp-elements-f49b6bbe2211e313c2239dfd2ccc122b\"><br>4. ACEPTA EL CONSENTIMIENTO EXPRESO<\/h6>\n\n\n\n<p>Marca la casilla para autorizar el uso de im\u00e1genes en redes sociales y p\u00e1gina web del Club. <\/p>\n\n\n\n<figure class=\"wp-block-image size-large\"><img loading=\"lazy\" decoding=\"async\" width=\"1024\" height=\"724\" src=\"https:\/\/atletismogana.es\/wp-content\/uploads\/2025\/12\/pasos-inscripcion-adultos26-1024x724.jpg\" alt=\"\" class=\"wp-image-14726\" srcset=\"https:\/\/atletismogana.es\/wp-content\/uploads\/2025\/12\/pasos-inscripcion-adultos26-1024x724.jpg 1024w, https:\/\/atletismogana.es\/wp-content\/uploads\/2025\/12\/pasos-inscripcion-adultos26-300x212.jpg 300w, https:\/\/atletismogana.es\/wp-content\/uploads\/2025\/12\/pasos-inscripcion-adultos26-768x543.jpg 768w, https:\/\/atletismogana.es\/wp-content\/uploads\/2025\/12\/pasos-inscripcion-adultos26-1536x1086.jpg 1536w, https:\/\/atletismogana.es\/wp-content\/uploads\/2025\/12\/pasos-inscripcion-adultos26-2048x1448.jpg 2048w, https:\/\/atletismogana.es\/wp-content\/uploads\/2025\/12\/pasos-inscripcion-adultos26-1170x827.jpg 1170w\" sizes=\"auto, (max-width: 1024px) 100vw, 1024px\" \/><\/figure>\n\n\n\n<h6 class=\"wp-block-heading has-dark-color has-text-color has-link-color wp-elements-4cdc7489339ee47806f560ce5b95d28e\">5. SELECCIONA LA CUOTA CORRESPONDIENTE A TU CATEGOR\u00cdA<\/h6>\n\n\n\n<p>Ver\u00e1s el nombre del deportista inscrito, deber\u00e1s pulsar \u201cver detalle\u201d para elegir la cuota correspondiente a su categor\u00eda. <\/p>\n\n\n\n<ul class=\"wp-block-list\">\n<li>Federados (Sub-16, Sub-18, Sub-20, Sub-23, S\u00e9nior y M\u00e1ster)<\/li>\n\n\n\n<li>Licencia territorial o nacional<\/li>\n<\/ul>\n\n\n\n<figure class=\"wp-block-image size-large is-resized\"><img loading=\"lazy\" decoding=\"async\" width=\"1024\" height=\"724\" src=\"https:\/\/atletismogana.es\/wp-content\/uploads\/2025\/12\/pasos-inscripcion-adultos27-1-1024x724.jpg\" alt=\"\" class=\"wp-image-14728\" style=\"width:700px;height:auto\" srcset=\"https:\/\/atletismogana.es\/wp-content\/uploads\/2025\/12\/pasos-inscripcion-adultos27-1-1024x724.jpg 1024w, https:\/\/atletismogana.es\/wp-content\/uploads\/2025\/12\/pasos-inscripcion-adultos27-1-300x212.jpg 300w, https:\/\/atletismogana.es\/wp-content\/uploads\/2025\/12\/pasos-inscripcion-adultos27-1-768x543.jpg 768w, https:\/\/atletismogana.es\/wp-content\/uploads\/2025\/12\/pasos-inscripcion-adultos27-1-1536x1086.jpg 1536w, https:\/\/atletismogana.es\/wp-content\/uploads\/2025\/12\/pasos-inscripcion-adultos27-1-2048x1448.jpg 2048w, https:\/\/atletismogana.es\/wp-content\/uploads\/2025\/12\/pasos-inscripcion-adultos27-1-1170x827.jpg 1170w\" sizes=\"auto, (max-width: 1024px) 100vw, 1024px\" \/><\/figure>\n\n\n\n<h6 class=\"wp-block-heading has-dark-color has-text-color has-link-color wp-elements-ce03b630e5517ea554986c53628e92e8\">6. introduce tu tarjeta<\/h6>\n\n\n\n<p>Pulsa \u201cIntroducir tarjeta\u201d y a\u00f1ade los datos de tu tarjeta bancaria. Es posible que tengas que autorizar el pago desde la app de tu banco.<\/p>\n\n\n\n<div class=\"wp-block-columns is-layout-flex wp-container-core-columns-is-layout-28f84493 wp-block-columns-is-layout-flex\">\n<div class=\"wp-block-column is-layout-flow wp-block-column-is-layout-flow\">\n<figure class=\"wp-block-image size-large\"><img loading=\"lazy\" decoding=\"async\" width=\"1024\" height=\"724\" src=\"https:\/\/atletismogana.es\/wp-content\/uploads\/2025\/12\/pasos-inscripcion-adultos28-1024x724.jpg\" alt=\"\" class=\"wp-image-14730\" srcset=\"https:\/\/atletismogana.es\/wp-content\/uploads\/2025\/12\/pasos-inscripcion-adultos28-1024x724.jpg 1024w, https:\/\/atletismogana.es\/wp-content\/uploads\/2025\/12\/pasos-inscripcion-adultos28-300x212.jpg 300w, https:\/\/atletismogana.es\/wp-content\/uploads\/2025\/12\/pasos-inscripcion-adultos28-768x543.jpg 768w, https:\/\/atletismogana.es\/wp-content\/uploads\/2025\/12\/pasos-inscripcion-adultos28-1536x1086.jpg 1536w, https:\/\/atletismogana.es\/wp-content\/uploads\/2025\/12\/pasos-inscripcion-adultos28-2048x1448.jpg 2048w, https:\/\/atletismogana.es\/wp-content\/uploads\/2025\/12\/pasos-inscripcion-adultos28-1170x827.jpg 1170w\" sizes=\"auto, (max-width: 1024px) 100vw, 1024px\" \/><\/figure>\n<\/div>\n\n\n\n<div class=\"wp-block-column is-layout-flow wp-block-column-is-layout-flow\">\n<figure class=\"wp-block-image size-large\"><img loading=\"lazy\" decoding=\"async\" width=\"1024\" height=\"724\" src=\"https:\/\/atletismogana.es\/wp-content\/uploads\/2025\/12\/pasos-inscripcion-adultos29-1024x724.jpg\" alt=\"\" class=\"wp-image-14731\" srcset=\"https:\/\/atletismogana.es\/wp-content\/uploads\/2025\/12\/pasos-inscripcion-adultos29-1024x724.jpg 1024w, https:\/\/atletismogana.es\/wp-content\/uploads\/2025\/12\/pasos-inscripcion-adultos29-300x212.jpg 300w, https:\/\/atletismogana.es\/wp-content\/uploads\/2025\/12\/pasos-inscripcion-adultos29-768x543.jpg 768w, https:\/\/atletismogana.es\/wp-content\/uploads\/2025\/12\/pasos-inscripcion-adultos29-1536x1086.jpg 1536w, https:\/\/atletismogana.es\/wp-content\/uploads\/2025\/12\/pasos-inscripcion-adultos29-2048x1448.jpg 2048w, https:\/\/atletismogana.es\/wp-content\/uploads\/2025\/12\/pasos-inscripcion-adultos29-1170x827.jpg 1170w\" sizes=\"auto, (max-width: 1024px) 100vw, 1024px\" \/><\/figure>\n<\/div>\n<\/div>\n\n\n\n<p><strong>\u00a1Inscripci\u00f3n completada! \ud83d\ude04<\/strong> Una vez validado el pago, la inscripci\u00f3n queda completada. Recibir\u00e1s un correo autom\u00e1tico y podr\u00e1s ver tu inscripci\u00f3n en la app de Cluber. <\/p>\n\n\n\n<div class=\"wp-block-kadence-advancedbtn kb-buttons-wrap kb-btns521_a68efb-30\"><a class=\"kb-button kt-button button kb-btn521_20f151-67 kt-btn-size-standard kt-btn-width-type-auto kb-btn-global-fill  kt-btn-has-text-true kt-btn-has-svg-false  wp-block-kadence-singlebtn\" href=\"https:\/\/app.cluber.es\/legacy\/clubes\/68ff8bdb2880a658584462\/inscripcion\"><span class=\"kt-btn-inner-text\">HAZ TU INSCRIPCI\u00d3N AQU\u00cd<\/span><\/a><\/div>\n\n\n\n<p><\/p>\n\n\n\n<h5 class=\"wp-block-heading\"><strong>CONSENTIMIENTO LEGAL<\/strong><\/h5>\n\n\n\n<p>El tr\u00e1mite del <em>Consentimiento Legal<\/em> solo deber\u00e1 hacerse el primer a\u00f1o que se tenga licencia, no siendo necesario volver a realizarlo en a\u00f1os posteriores. En caso de personas con m\u00e1s de una licencia, el tr\u00e1mite solo deber\u00e1 realizarse una vez. Las personas que no rellenen este consentimiento no podr\u00e1n tramitar licencia federativa.<\/p>\n\n\n\n<p>Todas las personas con licencia federativa Auton\u00f3mica (Atletas, Entrenadores, Oficiales y Jueces) deber\u00e1n rellenar y aceptar el consentimiento legal de la FNAF.&nbsp;<\/p>\n\n\n\n<p><a href=\"https:\/\/www.fnaf.es\/atletismo-consentimiento-legal\">Consentimiento Legal FNA<\/a><\/p>\n\n\n\n<p>Todas las personas con licencia federativa Nacional (Atletas, Entrenadores, Oficiales y Jueces) deber\u00e1n rellenar y aceptar el consentimiento legal de la RFEA a trav\u00e9s del siguiente enlace:&nbsp;<\/p>\n\n\n\n<p><a href=\"https:\/\/www.consentimientolegalrfea.es\/\">Consentimiento Legal RFEA<\/a><\/p>\n\n\n\n<h5 class=\"wp-block-heading\"><strong>BAJAS<\/strong><\/h5>\n\n\n\n<p>Si hab\u00e9is decidido no renovar hacedlo saber cuanto antes enviando un mail al siguiente correo electr\u00f3nico:<\/p>\n\n\n\n<figure id=\"mailto:atletismo.gana@gmail.com\" class=\"wp-block-table\"><table class=\"has-dark-color has-background-background-color has-text-color has-background has-link-color has-fixed-layout\"><tbody><tr><td class=\"has-text-align-center\" data-align=\"center\"><strong><span style=\"text-decoration: underline;\"><a href=\"mailto:atletismo.gana@gmail.com\">atletismo.gana@gmail.com<\/a><\/span><\/strong><\/td><\/tr><\/tbody><\/table><\/figure>\n\n\n\n<p><\/p>\n","protected":false},"excerpt":{"rendered":"<p>TRAMITACI\u00d3N DE LICENCIAS CLUB GANA 2026 Ya est\u00e1 abierta la inscripci\u00f3n del Club para la temporada 2026. A partir de este a\u00f1o, todas las inscripciones \u2013tanto la licencia del Club como la licencia federativa\u2013 se gestionar\u00e1n a trav\u00e9s de la plataforma Cluber. El periodo de inscripci\u00f3n estar\u00e1 disponible desde el d\u00eda 1 de diciembre hasta [&hellip;]<\/p>\n","protected":false},"author":1,"featured_media":0,"parent":487,"menu_order":0,"comment_status":"closed","ping_status":"closed","template":"","meta":{"footnotes":""},"class_list":["post-521","page","type-page","status-publish","hentry"],"_links":{"self":[{"href":"https:\/\/atletismogana.es\/index.php?rest_route=\/wp\/v2\/pages\/521","targetHints":{"allow":["GET"]}}],"collection":[{"href":"https:\/\/atletismogana.es\/index.php?rest_route=\/wp\/v2\/pages"}],"about":[{"href":"https:\/\/atletismogana.es\/index.php?rest_route=\/wp\/v2\/types\/page"}],"author":[{"embeddable":true,"href":"https:\/\/atletismogana.es\/index.php?rest_route=\/wp\/v2\/users\/1"}],"replies":[{"embeddable":true,"href":"https:\/\/atletismogana.es\/index.php?rest_route=%2Fwp%2Fv2%2Fcomments&post=521"}],"version-history":[{"count":39,"href":"https:\/\/atletismogana.es\/index.php?rest_route=\/wp\/v2\/pages\/521\/revisions"}],"predecessor-version":[{"id":14753,"href":"https:\/\/atletismogana.es\/index.php?rest_route=\/wp\/v2\/pages\/521\/revisions\/14753"}],"up":[{"embeddable":true,"href":"https:\/\/atletismogana.es\/index.php?rest_route=\/wp\/v2\/pages\/487"}],"wp:attachment":[{"href":"https:\/\/atletismogana.es\/index.php?rest_route=%2Fwp%2Fv2%2Fmedia&parent=521"}],"curies":[{"name":"wp","href":"https:\/\/api.w.org\/{rel}","templated":true}]}}