{"id":616,"date":"2021-10-23T22:51:49","date_gmt":"2021-10-23T22:51:49","guid":{"rendered":"https:\/\/atletismogana.es\/?page_id=616"},"modified":"2021-10-23T23:04:16","modified_gmt":"2021-10-23T23:04:16","slug":"prevencion-de-lesiones-y-accidentes","status":"publish","type":"page","link":"https:\/\/atletismogana.es\/?page_id=616","title":{"rendered":"Prevenci\u00f3n de lesiones y accidentes"},"content":{"rendered":"\n<figure class=\"wp-block-image size-full\"><img loading=\"lazy\" decoding=\"async\" width=\"150\" height=\"150\" src=\"https:\/\/atletismogana.es\/wp-content\/uploads\/2021\/10\/departamento-150x150-1.png\" alt=\"\" class=\"wp-image-619\"\/><\/figure>\n\n\n\n<p>El atletismo como la mayor\u00eda de actividades deportivas no esta exenta de riesgos y accidentes que pueden derivar en lesiones y accidentes. Las ideas que a continuaci\u00f3n se exponen tienen como misi\u00f3n reducir el riesgo inherente a la pr\u00e1ctica deportiva.<\/p>\n\n\n\n<p><strong>INSPECCIONAR<\/strong><\/p>\n\n\n\n<p>el lugar de entrenamiento, para detectar posibles anomal\u00edas (suciedad, charcos, piedras, instalaciones o material en mal estado).<\/p>\n\n\n\n<p>Con el fin de obtener la <strong>M\u00e1xima Seguridad<\/strong>, algunas precauciones que debemos tener en cuenta son: cuidado con el pavimento que resbale demasiado (rampas, tableros, \u2026) y que no existan elementos peligrosos cerca de donde se produce la acci\u00f3n (ganchos, esquinas, &#8230;).<\/p>\n\n\n\n<p>El <strong>Material<\/strong> a emplear que debe estar en perfectas condiciones. Debe estar colocado de tal manera que al trabajar con \u00e9l no haya riesgo objetivo de accidentes.<\/p>\n\n\n\n<p><strong>ENTRADA EN ACCI\u00d3N<\/strong><\/p>\n\n\n\n<p>para reducir al m\u00ednimo las lesiones musculares.<\/p>\n\n\n\n<p><strong>Entrada en Calor<\/strong>&nbsp;mediante actividades en movimiento de coordinaci\u00f3n general y juegos, aumentando de forma progresiva la intensidad.<\/p>\n\n\n\n<p><strong>Movilizaci\u00f3n General<\/strong> de todas las articulaciones y grandes grupos musculares. Movilizaci\u00f3n de las articulaciones espec\u00edficas de nuestro deporte.<\/p>\n\n\n\n<p><strong>Actividades Calmantes<\/strong>, si la sesi\u00f3n ha sido de gran esfuerzo o intensidad, realizar ejercicios y\/o actividades de relajaci\u00f3n con el fin de facilitar la recuperaci\u00f3n.<\/p>\n\n\n\n<p><strong>COMPORTAMIENTO DEPORTIVO<\/strong><\/p>\n\n\n\n<p>como cuesti\u00f3n fundamental en la prevenci\u00f3n de accidentes es el comportamiento deportivo.<\/p>\n\n\n\n<p><strong>Seguridad<\/strong>. Esta categor\u00eda comprende comportamientos apropiados para utilizar el material y para interaccionar con los otros compa\u00f1eros. Por ejemplo: pedir permiso para utilizar los aparatos, utilizar el material y los aparatos de forma correcta, no salir de las instalaciones en el horario de entrenamiento, evitar empujones y zancadillas, etc. La idea que debe prevalecer es \u201cDisfruta del deporte con seguridad\u201d<\/p>\n\n\n\n<p><strong>Ambiente de entrenamiento<\/strong>. Nos referimos a&nbsp;comportamientos relacionados tanto con el entrenador como con los dem\u00e1s compa\u00f1eros. Por ejemplo: no insultar, estar callado mientras habla el entrenador y\/o los compa\u00f1eros, respetar las reglas de los juegos, participar en todos los juegos, no replicar, llegar puntual al entrenamiento, etc. La idea es: \u201cTrata a los dem\u00e1s como te gustar\u00eda que te trataran a ti\u201d.<\/p>\n\n\n\n<p><strong>Cuidar el material y las instalaciones<\/strong>. Esta categor\u00eda est\u00e1 relacionada con el material y el equipo del polideportivo y gimnasio. Por ejemplo: no sentarse encima de los balones, no tirar&nbsp;objetos al suelo, no utilizar el material como conos y pelotas como juguetes, si se mueve alg\u00fan elemento del circuito volver a&nbsp;colocarlo en su lugar, dejar el gimnasio limpio, etc.<\/p>\n\n\n\n<p><strong>SEGURIDAD DE LOS PARTICIPANTES<\/strong><\/p>\n\n\n\n<p>La seguridad es la mayor preocupaci\u00f3n del club y en funci\u00f3n del evento se tendr\u00e1 atenci\u00f3n a diferentes&nbsp;Reglas de Seguridad, como por ejemplo:<\/p>\n\n\n\n<p><strong>Vallas \/ Relevos:<\/strong> Suelo no resbaladizo, testigos \/ aros seguros, marcadores \/ vallas superables, zona despejada en los alrededores de la l\u00ednea de llegada.<\/p>\n\n\n\n<p><strong>Resistencia:<\/strong> Pista sin riesgos.<\/p>\n\n\n\n<p><strong>Salto&nbsp;de Longitud:<\/strong> Remover la arena del caj\u00f3n, corta carrera de aproximaci\u00f3n, ning\u00fan objeto peligroso en el caj\u00f3n de arena.<\/p>\n\n\n\n<p><strong>Salto de Altura:<\/strong> Corta carrera de aproximaci\u00f3n, dominio de la t\u00e9cnica del Salto. Suelo no resbaladizo.<\/p>\n\n\n\n<p><strong>P\u00e9rtiga:<\/strong> P\u00e9rtiga adecuada y en buenas condiciones, ca\u00edda en zona suave, m\u00ednimo dominio de la t\u00e9cnica.<\/p>\n\n\n\n<p><strong>Lanzamiento de la Jabalina:<\/strong> Jabalina adecuada (objetos sustitutivo no peligroso), organizaci\u00f3n del grupo y recomendaciones apropiadas para evitar alcances.<\/p>\n\n\n\n<p><strong>Lanzamiento Rotacional (Martillo):<\/strong> Adecuados objetos de lanzamiento,organizaci\u00f3n del grupo y recomendaciones apropiadas para evitar alcances.<\/p>\n\n\n\n<p><strong>Lanzamiento de Bal\u00f3n&nbsp;Medicinal:<\/strong> Bal\u00f3n&nbsp;de peso adecuado, zona despejada en el destino de los lanzamientos y zona cercana circundante (por posible&nbsp;p\u00e9rdida de equilibrio).<\/p>\n","protected":false},"excerpt":{"rendered":"<p>El atletismo como la mayor\u00eda de actividades deportivas no esta exenta de riesgos y accidentes que pueden derivar en lesiones y accidentes. Las ideas que a continuaci\u00f3n se exponen tienen como misi\u00f3n reducir el riesgo inherente a la pr\u00e1ctica deportiva. INSPECCIONAR el lugar de entrenamiento, para detectar posibles anomal\u00edas (suciedad, charcos, piedras, instalaciones o material [&hellip;]<\/p>\n","protected":false},"author":1,"featured_media":0,"parent":589,"menu_order":0,"comment_status":"closed","ping_status":"closed","template":"","meta":{"footnotes":""},"class_list":["post-616","page","type-page","status-publish","hentry"],"_links":{"self":[{"href":"https:\/\/atletismogana.es\/index.php?rest_route=\/wp\/v2\/pages\/616","targetHints":{"allow":["GET"]}}],"collection":[{"href":"https:\/\/atletismogana.es\/index.php?rest_route=\/wp\/v2\/pages"}],"about":[{"href":"https:\/\/atletismogana.es\/index.php?rest_route=\/wp\/v2\/types\/page"}],"author":[{"embeddable":true,"href":"https:\/\/atletismogana.es\/index.php?rest_route=\/wp\/v2\/users\/1"}],"replies":[{"embeddable":true,"href":"https:\/\/atletismogana.es\/index.php?rest_route=%2Fwp%2Fv2%2Fcomments&post=616"}],"version-history":[{"count":3,"href":"https:\/\/atletismogana.es\/index.php?rest_route=\/wp\/v2\/pages\/616\/revisions"}],"predecessor-version":[{"id":623,"href":"https:\/\/atletismogana.es\/index.php?rest_route=\/wp\/v2\/pages\/616\/revisions\/623"}],"up":[{"embeddable":true,"href":"https:\/\/atletismogana.es\/index.php?rest_route=\/wp\/v2\/pages\/589"}],"wp:attachment":[{"href":"https:\/\/atletismogana.es\/index.php?rest_route=%2Fwp%2Fv2%2Fmedia&parent=616"}],"curies":[{"name":"wp","href":"https:\/\/api.w.org\/{rel}","templated":true}]}}